{"id":8774,"date":"2021-09-08T13:57:37","date_gmt":"2021-09-08T11:57:37","guid":{"rendered":"https:\/\/2021.muse-wiesbaden.de\/tk\/?page_id=8774"},"modified":"2021-09-30T19:02:59","modified_gmt":"2021-09-30T17:02:59","slug":"muslimische-seelsorge-wiesbaden-blog","status":"publish","type":"page","link":"https:\/\/muse-wiesbaden.de\/tk\/muslimische-seelsorge-wiesbaden-blog\/","title":{"rendered":"Muslimische Seelsorge Wiesbaden &#8211; Blog"},"content":{"rendered":"<p><div class=\"fusion-fullwidth fullwidth-box fusion-builder-row-1 fusion-flex-container hundred-percent-fullwidth non-hundred-percent-height-scrolling fusion-no-small-visibility fusion-no-medium-visibility\" style=\"--awb-border-sizes-top:0;--awb-border-color:#e8efef;--awb-border-radius-top-left:0px;--awb-border-radius-top-right:0px;--awb-border-radius-bottom-right:0px;--awb-border-radius-bottom-left:0px;--awb-padding-right:0px;--awb-padding-left:0px;--awb-margin-top:40px;--awb-margin-top-medium:20px;--awb-margin-top-small:0px;--awb-background-image:linear-gradient(180deg, #ffffff 70%,#ffffff 100%);--awb-flex-wrap:wrap;\" ><div class=\"fusion-builder-row fusion-row fusion-flex-align-items-flex-start fusion-flex-content-wrap\" style=\"width:calc( 100% + 0px ) !important;max-width:calc( 100% + 0px ) !important;margin-left: calc(-0px \/ 2 );margin-right: calc(-0px \/ 2 );\"><div class=\"fusion-layout-column fusion_builder_column fusion-builder-column-0 fusion_builder_column_2_3 2_3 fusion-flex-column fusion-animated\" style=\"--awb-bg-size:cover;--awb-width-large:66.666666666667%;--awb-margin-top-large:0px;--awb-spacing-right-large:0px;--awb-margin-bottom-large:20px;--awb-spacing-left-large:0px;--awb-width-medium:66.666666666667%;--awb-order-medium:0;--awb-spacing-right-medium:0px;--awb-spacing-left-medium:0px;--awb-width-small:100%;--awb-order-small:0;--awb-spacing-right-small:0px;--awb-spacing-left-small:0px;\" data-animationType=\"fadeInUp\" data-animationDuration=\"1.0\" data-animationOffset=\"top-into-view\"><div class=\"fusion-column-wrapper fusion-column-has-shadow fusion-flex-justify-content-flex-start fusion-content-layout-column fusion-content-nowrap\"><div class=\"fusion-title title fusion-title-1 fusion-sep-none fusion-title-text fusion-title-size-one fusion-animated\" style=\"--awb-text-color:#cea75d;--awb-margin-bottom:10px;--awb-margin-top-small:10px;--awb-margin-right-small:0px;--awb-margin-bottom-small:10px;--awb-margin-left-small:0px;--awb-font-size:30px;\" data-animationType=\"slideInDown\" data-animationDuration=\"1.0\" data-animationOffset=\"top-into-view\"><h1 class=\"fusion-title-heading title-heading-left fusion-responsive-typography-calculated\" style=\"margin:0;font-size:1em;--fontSize:30;line-height:1.2;\">Bizi etkileyen ve y\u00fcre\u011fimize dokunan konular<\/h1><\/div><div class=\"fusion-title title fusion-title-2 fusion-sep-none fusion-title-text fusion-title-size-two fusion-animated\" style=\"--awb-margin-bottom:10px;--awb-margin-top-small:10px;--awb-margin-right-small:0px;--awb-margin-bottom-small:10px;--awb-margin-left-small:0px;--awb-sep-color:#006b65;--awb-font-size:50px;\" data-animationType=\"slideInDown\" data-animationDuration=\"2.0\" data-animationOffset=\"top-into-view\"><h2 class=\"fusion-title-heading title-heading-left fusion-responsive-typography-calculated\" style=\"margin:0;font-size:1em;--fontSize:50;line-height:1.16;\">MUSE BLOG<\/h2><\/div><div class=\"fusion-separator fusion-full-width-sep\" style=\"align-self: center;margin-left: auto;margin-right: auto;margin-top:20px;margin-bottom:20px;width:100%;\"><div class=\"fusion-separator-border sep-single sep-solid\" style=\"--awb-height:20px;--awb-amount:20px;--awb-sep-color:#006b65;border-color:#006b65;border-top-width:1px;\"><\/div><\/div><div class=\"fusion-text fusion-text-1\" style=\"--awb-margin-top:20px;\"><p>Sizi ruh yolculu\u011fumuzun heyecan verici hik\u00e2yelerine g\u00f6t\u00fcrmek istiyoruz. Bu hik\u00e2yeler, b\u00fcy\u00fck mutluluklar\u0131, derin \u00fcz\u00fcnt\u00fcleri, \u00f6zlemleri, tutkular\u0131, ac\u0131lar\u0131, kay\u0131plar\u0131 ve a\u015fk\u0131 anlat\u0131r. Ayr\u0131ca, Yarat\u0131c\u0131m\u0131zla olan ba\u011f\u0131m\u0131z\u0131 ve insanlarla, do\u011fayla, zamanla, evrenle olan ili\u015fkimizi anlat\u0131r.<\/p>\n<p>Siz ruh yolculu\u011funuzu nas\u0131l ya\u015fars\u0131n\u0131z?<br \/>\nSorular\u0131n\u0131z \u00e7ok mu? Cevaplar\u0131n\u0131z\u0131 nerede arars\u0131n\u0131z?<\/p>\n<p>Cevaplar\u0131, kalbimizin ve ruhumuzun g\u00fc\u00e7 kayna\u011f\u0131 olan Kur&#8217;an\u2019\u0131n 114 suresinde birlikte ke\u015ffedelim.<\/p>\n<p><strong><span style=\"color: #006b65;\">Sayg\u0131lar\u0131m\u0131zla MUSE Ekibiniz<\/span><\/strong><\/p>\n<\/div><div style=\"text-align:left;\"><a class=\"fusion-button button-flat button-xlarge button-custom fusion-button-default button-1 fusion-button-default-span fusion-button-default-type\" style=\"--button_accent_color:#ffffff;--button_accent_hover_color:#333333;--button_border_hover_color:#ffffff;--button_gradient_top_color:#006b65;--button_gradient_bottom_color:#006b65;--button_gradient_top_color_hover:#cea75d;--button_gradient_bottom_color_hover:#cea75d;--button_margin-top:30px;\" target=\"_self\" href=\"https:\/\/muse-wiesbaden.de\/muslimische-seelsorge-wiesbaden-blog\/\"><span class=\"fusion-button-text awb-button__text awb-button__text--default\">Muse Blog&#8217;a (de)<\/span><\/a><\/div><\/div><\/div><\/div><\/div><div class=\"fusion-fullwidth fullwidth-box fusion-builder-row-2 fusion-flex-container hundred-percent-fullwidth non-hundred-percent-height-scrolling fusion-no-large-visibility\" style=\"--awb-border-color:#e8efef;--awb-border-radius-top-left:0px;--awb-border-radius-top-right:0px;--awb-border-radius-bottom-right:0px;--awb-border-radius-bottom-left:0px;--awb-margin-bottom:0px;--awb-margin-top-medium:30px;--awb-margin-top-small:10px;--awb-background-image:linear-gradient(180deg, #ffffff 70%,#ffffff 100%);--awb-flex-wrap:wrap;\" ><div class=\"fusion-builder-row fusion-row fusion-flex-align-items-flex-start fusion-flex-content-wrap\" style=\"width:calc( 100% + 0px ) !important;max-width:calc( 100% + 0px ) !important;margin-left: calc(-0px \/ 2 );margin-right: calc(-0px \/ 2 );\"><div class=\"fusion-layout-column fusion_builder_column fusion-builder-column-1 fusion_builder_column_1_1 1_1 fusion-flex-column fusion-flex-align-self-flex-start fusion-animated\" style=\"--awb-bg-size:cover;--awb-width-large:100%;--awb-margin-top-large:0px;--awb-spacing-right-large:0px;--awb-margin-bottom-large:20px;--awb-spacing-left-large:0px;--awb-width-medium:100%;--awb-order-medium:0;--awb-spacing-right-medium:0px;--awb-spacing-left-medium:0px;--awb-width-small:100%;--awb-order-small:0;--awb-spacing-right-small:0px;--awb-spacing-left-small:0px;\" data-animationType=\"fadeInUp\" data-animationDuration=\"1.0\" data-animationOffset=\"top-into-view\"><div class=\"fusion-column-wrapper fusion-column-has-shadow fusion-flex-justify-content-flex-start fusion-content-layout-column fusion-content-nowrap\"><div class=\"fusion-title title fusion-title-3 fusion-sep-none fusion-title-text fusion-title-size-one fusion-animated\" style=\"--awb-text-color:#cea75d;--awb-margin-bottom:10px;--awb-margin-top-small:10px;--awb-margin-right-small:0px;--awb-margin-bottom-small:10px;--awb-margin-left-small:0px;--awb-font-size:30px;\" data-animationType=\"slideInDown\" data-animationDuration=\"1.0\" data-animationOffset=\"top-into-view\"><h1 class=\"fusion-title-heading title-heading-left fusion-responsive-typography-calculated\" style=\"margin:0;font-size:1em;--fontSize:30;line-height:1.2;\">Bizi etkileyen ve y\u00fcre\u011fimize dokunan konular<\/h1><\/div><div class=\"fusion-title title fusion-title-4 fusion-sep-none fusion-title-text fusion-title-size-two fusion-animated\" style=\"--awb-margin-bottom:10px;--awb-margin-top-small:10px;--awb-margin-right-small:0px;--awb-margin-bottom-small:10px;--awb-margin-left-small:0px;--awb-font-size:50px;\" data-animationType=\"slideInDown\" data-animationDuration=\"2.0\" data-animationOffset=\"top-into-view\"><h2 class=\"fusion-title-heading title-heading-left fusion-responsive-typography-calculated\" style=\"margin:0;font-size:1em;--fontSize:50;line-height:1.16;\">MUSE BLOG<\/h2><\/div><div class=\"fusion-separator fusion-full-width-sep\" style=\"align-self: center;margin-left: auto;margin-right: auto;margin-top:20px;margin-bottom:20px;width:100%;\"><div class=\"fusion-separator-border sep-single sep-solid\" style=\"--awb-height:20px;--awb-amount:20px;--awb-sep-color:#006b65;border-color:#006b65;border-top-width:1px;\"><\/div><\/div><div class=\"fusion-text fusion-text-2\" style=\"--awb-margin-top:20px;\"><p>Sizi ruh yolculu\u011fumuzun heyecan verici hik\u00e2yelerine g\u00f6t\u00fcrmek istiyoruz. Bu hik\u00e2yeler, b\u00fcy\u00fck mutluluklar\u0131, derin \u00fcz\u00fcnt\u00fcleri, \u00f6zlemleri, tutkular\u0131, ac\u0131lar\u0131, kay\u0131plar\u0131 ve a\u015fk\u0131 anlat\u0131r. Ayr\u0131ca, Yarat\u0131c\u0131m\u0131zla olan ba\u011f\u0131m\u0131z\u0131 ve insanlarla, do\u011fayla, zamanla, evrenle olan ili\u015fkimizi anlat\u0131r.<\/p>\n<p>Siz ruh yolculu\u011funuzu nas\u0131l ya\u015fars\u0131n\u0131z?<br \/>\nSorular\u0131n\u0131z \u00e7ok mu? Cevaplar\u0131n\u0131z\u0131 nerede arars\u0131n\u0131z?<\/p>\n<p>Cevaplar\u0131, kalbimizin ve ruhumuzun g\u00fc\u00e7 kayna\u011f\u0131 olan Kur&#8217;an\u2019\u0131n 114 suresinde birlikte ke\u015ffedelim.<\/p>\n<p><span style=\"color: #006b65;\">Sayg\u0131lar\u0131m\u0131zla MUSE Ekibiniz<\/span><\/p>\n<\/div><div style=\"text-align:left;\"><a class=\"fusion-button button-flat button-xlarge button-custom fusion-button-default button-2 fusion-button-default-span fusion-button-default-type\" style=\"--button_accent_color:#ffffff;--button_accent_hover_color:#333333;--button_border_hover_color:#ffffff;--button_gradient_top_color:#006b65;--button_gradient_bottom_color:#006b65;--button_gradient_top_color_hover:#cea75d;--button_gradient_bottom_color_hover:#cea75d;--button_margin-top:30px;\" target=\"_self\" href=\"https:\/\/muse-wiesbaden.de\/muslimische-seelsorge-wiesbaden-blog\/\"><span class=\"fusion-button-text awb-button__text awb-button__text--default\">Muse Blog&#8217;a (de)<\/span><\/a><\/div><\/div><\/div><\/div><\/div><div class=\"fusion-fullwidth fullwidth-box fusion-builder-row-3 fusion-flex-container nonhundred-percent-fullwidth non-hundred-percent-height-scrolling\" style=\"--awb-border-radius-top-left:0px;--awb-border-radius-top-right:0px;--awb-border-radius-bottom-right:0px;--awb-border-radius-bottom-left:0px;--awb-padding-top:0px;--awb-padding-bottom:0px;--awb-margin-top:0px;--awb-flex-wrap:wrap;\" ><div class=\"fusion-builder-row fusion-row fusion-flex-align-items-flex-start fusion-flex-content-wrap\" style=\"max-width:1365px;margin-left: calc(-5% \/ 2 );margin-right: calc(-5% \/ 2 );\"><div class=\"fusion-layout-column fusion_builder_column fusion-builder-column-2 fusion_builder_column_1_1 1_1 fusion-flex-column\" style=\"--awb-padding-bottom-small:0px;--awb-bg-size:cover;--awb-width-large:100%;--awb-margin-top-large:0px;--awb-spacing-right-large:2.375%;--awb-margin-bottom-large:20px;--awb-spacing-left-large:2.375%;--awb-width-medium:100%;--awb-order-medium:0;--awb-spacing-right-medium:2.375%;--awb-spacing-left-medium:2.375%;--awb-width-small:100%;--awb-order-small:0;--awb-spacing-right-small:2.375%;--awb-margin-bottom-small:0px;--awb-spacing-left-small:2.375%;\"><div class=\"fusion-column-wrapper fusion-column-has-shadow fusion-flex-justify-content-flex-start fusion-content-layout-column\"><div class=\"fusion-sharing-box fusion-sharing-box-1 has-taglines layout-floated layout-medium-floated layout-small-stacked\" style=\"background-color:#ffffff;border-color:#cccccc;--awb-separator-border-color:#cccccc;--awb-separator-border-sizes:0px;--awb-layout:row;--awb-alignment-small:space-between;--awb-stacked-align-small:center;\" data-title=\"MUSE Blog - Manevi Destek ve Rehberlik Wiesbaden\" data-description=\"Bizi etkileyen ve y\u00fcre\u011fimize dokunan konular \r\n\r\nMUSE BLOG \r\n\r\nSizi ruh yolculu\u011fumuzun heyecan verici hik\u00e2yelerine g\u00f6t\u00fcrmek istiyoruz. Bu hik\u00e2yeler, b\u00fcy\u00fck mutluluklar\u0131, derin \u00fcz\u00fcnt\u00fcleri, \u00f6zlemleri, tutkular\u0131, ac\u0131lar\u0131, kay\u0131plar\u0131 ve a\u015fk\u0131 anlat\u0131r. Ayr\u0131ca, Yarat\u0131c\u0131m\u0131zla olan ba\u011f\u0131m\u0131z\u0131 ve insanlarla, do\u011fayla, zamanla, evrenle olan ili\u015fkimizi anlat\u0131r.\r\n\r\nSiz ruh yolculu\u011funuzu nas\u0131l ya\u015fars\u0131n\u0131z?\r\nSorular\u0131n\u0131z \u00e7ok mu? Cevaplar\u0131n\u0131z\u0131 nerede arars\u0131n\u0131z?\r\n\r\nCevaplar\u0131, kalbimizin ve ruhumuzun g\u00fc\u00e7\" data-link=\"https:\/\/muse-wiesbaden.de\/tk\/muslimische-seelsorge-wiesbaden-blog\/\" data-image=\"https:\/\/muse-wiesbaden.de\/tk\/wp-content\/uploads\/sites\/10\/2021\/09\/logo_muse_facebook.png\"><h4 class=\"tagline\" style=\"color:#006b65;\">Sosyal medya hesaplar\u0131ndan payla\u015ft\u0131\u011f\u0131n\u0131z i\u00e7in te\u015fekk\u00fcrler!<\/h4><div class=\"fusion-social-networks sharingbox-shortcode-icon-wrapper sharingbox-shortcode-icon-wrapper-1\"><span><a href=\"https:\/\/www.facebook.com\/sharer.php?u=https%3A%2F%2Fmuse-wiesbaden.de%2Ftk%2Fmuslimische-seelsorge-wiesbaden-blog%2F&amp;t=MUSE%20Blog%20-%20Manevi%20Destek%20ve%20Rehberlik%20Wiesbaden\" target=\"_blank\" rel=\"noreferrer\" title=\"Facebook\" aria-label=\"Facebook\" data-placement=\"top\" data-toggle=\"tooltip\" data-title=\"Facebook\"><i class=\"fusion-social-network-icon fusion-tooltip fusion-facebook awb-icon-facebook\" style=\"color:#006b65;\" aria-hidden=\"true\"><\/i><\/a><\/span><span><a href=\"https:\/\/x.com\/intent\/post?text=MUSE%20Blog%20-%20Manevi%20Destek%20ve%20Rehberlik%20Wiesbaden&amp;url=https%3A%2F%2Fmuse-wiesbaden.de%2Ftk%2Fmuslimische-seelsorge-wiesbaden-blog%2F\" target=\"_blank\" rel=\"noopener noreferrer\" title=\"X\" aria-label=\"X\" data-placement=\"top\" data-toggle=\"tooltip\" data-title=\"X\"><i class=\"fusion-social-network-icon fusion-tooltip fusion-twitter awb-icon-twitter\" style=\"color:#006b65;\" aria-hidden=\"true\"><\/i><\/a><\/span><span><a href=\"https:\/\/www.linkedin.com\/shareArticle?mini=true&amp;url=https%3A%2F%2Fmuse-wiesbaden.de%2Ftk%2Fmuslimische-seelsorge-wiesbaden-blog%2F&amp;title=MUSE%20Blog%20-%20Manevi%20Destek%20ve%20Rehberlik%20Wiesbaden&amp;summary=Bizi%20etkileyen%20ve%20y%C3%BCre%C4%9Fimize%20dokunan%20konular%20%0D%0A%0D%0AMUSE%20BLOG%20%20%0D%0A%0D%0ASizi%20ruh%20yolculu%C4%9Fumuzun%20heyecan%20verici%20hik%C3%A2yelerine%20g%C3%B6t%C3%BCrmek%20istiyoruz.%20Bu%20hik%C3%A2yeler%2C%20b%C3%BCy%C3%BCk%20mutluluklar%C4%B1%2C%20derin%20%C3%BCz%C3%BCnt%C3%BCleri%2C%20%C3%B6zlemleri%2C%20tutkular%C4%B1%2C%20ac%C4%B1lar%C4%B1%2C%20kay%C4%B1plar%C4%B1%20ve%20a%C5%9Fk%C4%B1%20anlat%C4%B1r.%20Ayr%C4%B1ca%2C%20Yarat%C4%B1c%C4%B1m%C4%B1zla%20olan%20ba%C4%9F%C4%B1m%C4%B1z%C4%B1%20ve%20insanlarla%2C%20do%C4%9Fayla%2C%20zamanla%2C%20evrenle%20olan%20ili%C5%9Fkimizi%20anlat%C4%B1r.%0D%0A%0D%0ASiz%20ruh%20yolculu%C4%9Funuzu%20nas%C4%B1l%20ya%C5%9Fars%C4%B1n%C4%B1z%3F%0D%0ASorular%C4%B1n%C4%B1z%20%C3%A7ok%20mu%3F%20Cevaplar%C4%B1n%C4%B1z%C4%B1%20nerede%20arars%C4%B1n%C4%B1z%3F%0D%0A%0D%0ACevaplar%C4%B1%2C%20kalbimizin%20ve%20ruhumuzun%20g%C3%BC%C3%A7\" target=\"_blank\" rel=\"noopener noreferrer\" title=\"LinkedIn\" aria-label=\"LinkedIn\" data-placement=\"top\" data-toggle=\"tooltip\" data-title=\"LinkedIn\"><i class=\"fusion-social-network-icon fusion-tooltip fusion-linkedin awb-icon-linkedin\" style=\"color:#006b65;\" aria-hidden=\"true\"><\/i><\/a><\/span><span><a href=\"https:\/\/api.whatsapp.com\/send?text=https%3A%2F%2Fmuse-wiesbaden.de%2Ftk%2Fmuslimische-seelsorge-wiesbaden-blog%2F\" target=\"_blank\" rel=\"noopener noreferrer\" title=\"WhatsApp\" aria-label=\"WhatsApp\" data-placement=\"top\" data-toggle=\"tooltip\" data-title=\"WhatsApp\"><i class=\"fusion-social-network-icon fusion-tooltip fusion-whatsapp awb-icon-whatsapp\" style=\"color:#006b65;\" aria-hidden=\"true\"><\/i><\/a><\/span><span><a href=\"https:\/\/www.xing.com\/social_plugins\/share\/new?sc_p=xing-share&amp;h=1&amp;url=https%3A%2F%2Fmuse-wiesbaden.de%2Ftk%2Fmuslimische-seelsorge-wiesbaden-blog%2F\" target=\"_blank\" rel=\"noopener noreferrer\" title=\"Xing\" aria-label=\"Xing\" data-placement=\"top\" data-toggle=\"tooltip\" data-title=\"Xing\"><i class=\"fusion-social-network-icon fusion-tooltip fusion-xing awb-icon-xing\" style=\"color:#006b65;\" aria-hidden=\"true\"><\/i><\/a><\/span><span><a href=\"mailto:?subject=MUSE%20Blog%20-%20Manevi%20Destek%20ve%20Rehberlik%20Wiesbaden&amp;body=https%3A%2F%2Fmuse-wiesbaden.de%2Ftk%2Fmuslimische-seelsorge-wiesbaden-blog%2F\" target=\"_self\" title=\"Email\" aria-label=\"Email\" data-placement=\"top\" data-toggle=\"tooltip\" data-title=\"Email\"><i class=\"fusion-social-network-icon fusion-tooltip fusion-mail awb-icon-mail\" style=\"color:#006b65;\" aria-hidden=\"true\"><\/i><\/a><\/span><\/div><\/div><\/div><\/div><\/div><\/div><\/p>\n","protected":false},"excerpt":{"rendered":"","protected":false},"author":1,"featured_media":0,"parent":0,"menu_order":0,"comment_status":"closed","ping_status":"closed","template":"","meta":{"footnotes":""},"class_list":["post-8774","page","type-page","status-publish","hentry"],"yoast_head":"<!-- This site is optimized with the Yoast SEO plugin v27.2 - https:\/\/yoast.com\/product\/yoast-seo-wordpress\/ -->\n<title>MUSE Blog - Manevi Destek ve Rehberlik Wiesbaden<\/title>\n<meta name=\"robots\" content=\"index, follow, max-snippet:-1, max-image-preview:large, max-video-preview:-1\" \/>\n<link rel=\"canonical\" href=\"https:\/\/muse-wiesbaden.de\/tk\/muslimische-seelsorge-wiesbaden-blog\/\" \/>\n<meta property=\"og:locale\" content=\"tr_TR\" \/>\n<meta property=\"og:type\" content=\"article\" \/>\n<meta property=\"og:title\" content=\"MUSE Blog - Manevi Destek ve Rehberlik Wiesbaden\" \/>\n<meta property=\"og:url\" content=\"https:\/\/muse-wiesbaden.de\/tk\/muslimische-seelsorge-wiesbaden-blog\/\" \/>\n<meta property=\"og:site_name\" content=\"Muslimische Seelsorge Wiesbaden tk\" \/>\n<meta property=\"article:publisher\" content=\"https:\/\/www.facebook.com\/MUSE.Wiesbaden\" \/>\n<meta property=\"article:modified_time\" content=\"2021-09-30T17:02:59+00:00\" \/>\n<meta property=\"og:image\" content=\"https:\/\/muse-wiesbaden.de\/tk\/wp-content\/uploads\/sites\/10\/2021\/09\/logo_muse_facebook_200.png\" \/>\n\t<meta property=\"og:image:width\" content=\"200\" \/>\n\t<meta property=\"og:image:height\" content=\"200\" \/>\n\t<meta property=\"og:image:type\" content=\"image\/png\" \/>\n<meta name=\"twitter:card\" content=\"summary_large_image\" \/>\n<meta name=\"twitter:title\" content=\"MUSE Blog - Manevi Destek ve Rehberlik Wiesbaden\" \/>\n<meta name=\"twitter:image\" content=\"https:\/\/muse-wiesbaden.de\/tk\/wp-content\/uploads\/sites\/10\/2021\/09\/logo_muse_facebook_200.png\" \/>\n<meta name=\"twitter:label1\" content=\"Tahmini okuma s\u00fcresi\" \/>\n\t<meta name=\"twitter:data1\" content=\"17 dakika\" \/>\n<script type=\"application\/ld+json\" class=\"yoast-schema-graph\">{\"@context\":\"https:\/\/schema.org\",\"@graph\":[{\"@type\":\"WebPage\",\"@id\":\"https:\/\/muse-wiesbaden.de\/tk\/muslimische-seelsorge-wiesbaden-blog\/\",\"url\":\"https:\/\/muse-wiesbaden.de\/tk\/muslimische-seelsorge-wiesbaden-blog\/\",\"name\":\"MUSE Blog - Manevi Destek ve Rehberlik Wiesbaden\",\"isPartOf\":{\"@id\":\"https:\/\/muse-wiesbaden.de\/tk\/#website\"},\"datePublished\":\"2021-09-08T11:57:37+00:00\",\"dateModified\":\"2021-09-30T17:02:59+00:00\",\"breadcrumb\":{\"@id\":\"https:\/\/muse-wiesbaden.de\/tk\/muslimische-seelsorge-wiesbaden-blog\/#breadcrumb\"},\"inLanguage\":\"tr\",\"potentialAction\":[{\"@type\":\"ReadAction\",\"target\":[\"https:\/\/muse-wiesbaden.de\/tk\/muslimische-seelsorge-wiesbaden-blog\/\"]}]},{\"@type\":\"BreadcrumbList\",\"@id\":\"https:\/\/muse-wiesbaden.de\/tk\/muslimische-seelsorge-wiesbaden-blog\/#breadcrumb\",\"itemListElement\":[{\"@type\":\"ListItem\",\"position\":1,\"name\":\"Startseite\",\"item\":\"https:\/\/muse-wiesbaden.de\/tk\/\"},{\"@type\":\"ListItem\",\"position\":2,\"name\":\"Muslimische Seelsorge Wiesbaden &#8211; Blog\"}]},{\"@type\":\"WebSite\",\"@id\":\"https:\/\/muse-wiesbaden.de\/tk\/#website\",\"url\":\"https:\/\/muse-wiesbaden.de\/tk\/\",\"name\":\"Muslimische Seelsorge Wiesbaden tk\",\"description\":\"\",\"potentialAction\":[{\"@type\":\"SearchAction\",\"target\":{\"@type\":\"EntryPoint\",\"urlTemplate\":\"https:\/\/muse-wiesbaden.de\/tk\/?s={search_term_string}\"},\"query-input\":{\"@type\":\"PropertyValueSpecification\",\"valueRequired\":true,\"valueName\":\"search_term_string\"}}],\"inLanguage\":\"tr\"}]}<\/script>\n<!-- \/ Yoast SEO plugin. -->","yoast_head_json":{"title":"MUSE Blog - Manevi Destek ve Rehberlik Wiesbaden","robots":{"index":"index","follow":"follow","max-snippet":"max-snippet:-1","max-image-preview":"max-image-preview:large","max-video-preview":"max-video-preview:-1"},"canonical":"https:\/\/muse-wiesbaden.de\/tk\/muslimische-seelsorge-wiesbaden-blog\/","og_locale":"tr_TR","og_type":"article","og_title":"MUSE Blog - Manevi Destek ve Rehberlik Wiesbaden","og_url":"https:\/\/muse-wiesbaden.de\/tk\/muslimische-seelsorge-wiesbaden-blog\/","og_site_name":"Muslimische Seelsorge Wiesbaden tk","article_publisher":"https:\/\/www.facebook.com\/MUSE.Wiesbaden","article_modified_time":"2021-09-30T17:02:59+00:00","og_image":[{"width":200,"height":200,"url":"https:\/\/muse-wiesbaden.de\/tk\/wp-content\/uploads\/sites\/10\/2021\/09\/logo_muse_facebook_200.png","type":"image\/png"}],"twitter_card":"summary_large_image","twitter_title":"MUSE Blog - Manevi Destek ve Rehberlik Wiesbaden","twitter_image":"https:\/\/muse-wiesbaden.de\/tk\/wp-content\/uploads\/sites\/10\/2021\/09\/logo_muse_facebook_200.png","twitter_misc":{"Tahmini okuma s\u00fcresi":"17 dakika"},"schema":{"@context":"https:\/\/schema.org","@graph":[{"@type":"WebPage","@id":"https:\/\/muse-wiesbaden.de\/tk\/muslimische-seelsorge-wiesbaden-blog\/","url":"https:\/\/muse-wiesbaden.de\/tk\/muslimische-seelsorge-wiesbaden-blog\/","name":"MUSE Blog - Manevi Destek ve Rehberlik Wiesbaden","isPartOf":{"@id":"https:\/\/muse-wiesbaden.de\/tk\/#website"},"datePublished":"2021-09-08T11:57:37+00:00","dateModified":"2021-09-30T17:02:59+00:00","breadcrumb":{"@id":"https:\/\/muse-wiesbaden.de\/tk\/muslimische-seelsorge-wiesbaden-blog\/#breadcrumb"},"inLanguage":"tr","potentialAction":[{"@type":"ReadAction","target":["https:\/\/muse-wiesbaden.de\/tk\/muslimische-seelsorge-wiesbaden-blog\/"]}]},{"@type":"BreadcrumbList","@id":"https:\/\/muse-wiesbaden.de\/tk\/muslimische-seelsorge-wiesbaden-blog\/#breadcrumb","itemListElement":[{"@type":"ListItem","position":1,"name":"Startseite","item":"https:\/\/muse-wiesbaden.de\/tk\/"},{"@type":"ListItem","position":2,"name":"Muslimische Seelsorge Wiesbaden &#8211; Blog"}]},{"@type":"WebSite","@id":"https:\/\/muse-wiesbaden.de\/tk\/#website","url":"https:\/\/muse-wiesbaden.de\/tk\/","name":"Muslimische Seelsorge Wiesbaden tk","description":"","potentialAction":[{"@type":"SearchAction","target":{"@type":"EntryPoint","urlTemplate":"https:\/\/muse-wiesbaden.de\/tk\/?s={search_term_string}"},"query-input":{"@type":"PropertyValueSpecification","valueRequired":true,"valueName":"search_term_string"}}],"inLanguage":"tr"}]}},"_links":{"self":[{"href":"https:\/\/muse-wiesbaden.de\/tk\/wp-json\/wp\/v2\/pages\/8774","targetHints":{"allow":["GET"]}}],"collection":[{"href":"https:\/\/muse-wiesbaden.de\/tk\/wp-json\/wp\/v2\/pages"}],"about":[{"href":"https:\/\/muse-wiesbaden.de\/tk\/wp-json\/wp\/v2\/types\/page"}],"author":[{"embeddable":true,"href":"https:\/\/muse-wiesbaden.de\/tk\/wp-json\/wp\/v2\/users\/1"}],"replies":[{"embeddable":true,"href":"https:\/\/muse-wiesbaden.de\/tk\/wp-json\/wp\/v2\/comments?post=8774"}],"version-history":[{"count":0,"href":"https:\/\/muse-wiesbaden.de\/tk\/wp-json\/wp\/v2\/pages\/8774\/revisions"}],"wp:attachment":[{"href":"https:\/\/muse-wiesbaden.de\/tk\/wp-json\/wp\/v2\/media?parent=8774"}],"curies":[{"name":"wp","href":"https:\/\/api.w.org\/{rel}","templated":true}]}}