{"id":3457,"date":"2021-05-26T16:35:51","date_gmt":"2021-05-26T16:35:51","guid":{"rendered":"https:\/\/2021.muse-wiesbaden.de\/?page_id=3457"},"modified":"2024-11-28T17:28:01","modified_gmt":"2024-11-28T16:28:01","slug":"muslimische-seelsorge-wiesbaden-ihre-spende-fuer-muse","status":"publish","type":"page","link":"https:\/\/muse-wiesbaden.de\/tk\/muslimische-seelsorge-wiesbaden-ihre-spende-fuer-muse\/","title":{"rendered":"Muslimische Seelsorge Wiesbaden &#8211; Ihre Spende f\u00fcr MUSE"},"content":{"rendered":"<p><div class=\"fusion-fullwidth fullwidth-box fusion-builder-row-1 fusion-flex-container nonhundred-percent-fullwidth non-hundred-percent-height-scrolling\" style=\"--awb-border-radius-top-left:0px;--awb-border-radius-top-right:0px;--awb-border-radius-bottom-right:0px;--awb-border-radius-bottom-left:0px;--awb-padding-bottom:0px;--awb-margin-top:40px;--awb-margin-bottom:0px;--awb-margin-top-medium:20px;--awb-margin-top-small:0px;--awb-flex-wrap:wrap;\" ><div class=\"fusion-builder-row fusion-row fusion-flex-align-items-flex-start fusion-flex-content-wrap\" style=\"max-width:1365px;margin-left: calc(-5% \/ 2 );margin-right: calc(-5% \/ 2 );\"><div class=\"fusion-layout-column fusion_builder_column fusion-builder-column-0 fusion_builder_column_1_1 1_1 fusion-flex-column\" style=\"--awb-bg-size:cover;--awb-width-large:100%;--awb-margin-top-large:0px;--awb-spacing-right-large:2.375%;--awb-margin-bottom-large:20px;--awb-spacing-left-large:2.375%;--awb-width-medium:100%;--awb-order-medium:0;--awb-spacing-right-medium:2.375%;--awb-spacing-left-medium:2.375%;--awb-width-small:100%;--awb-order-small:0;--awb-spacing-right-small:2.375%;--awb-spacing-left-small:2.375%;\"><div class=\"fusion-column-wrapper fusion-column-has-shadow fusion-flex-justify-content-flex-start fusion-content-layout-column\"><div class=\"fusion-title title fusion-title-1 fusion-sep-none fusion-title-center fusion-title-text fusion-title-size-one\" style=\"--awb-text-color:#006b65;--awb-margin-top-small:10px;--awb-margin-right-small:0px;--awb-margin-bottom-small:10px;--awb-margin-left-small:0px;--awb-sep-color:#006b65;--awb-font-size:36px;\"><h1 class=\"fusion-title-heading title-heading-center fusion-responsive-typography-calculated\" style=\"margin:0;font-size:1em;--fontSize:36;line-height:1.2;\">MUSE\u2018nin yapaca\u011f\u0131 de\u011ferli \u00e7al\u0131\u015fmalar\u0131, ba\u011f\u0131\u015flar\u0131n\u0131zla destekleyin.<\/p>\n<p>G\u00f6n\u00fclden Te\u015fekk\u00fcrler!<\/h1><\/div><div class=\"fusion-separator fusion-full-width-sep\" style=\"align-self: center;margin-left: auto;margin-right: auto;margin-top:20px;width:100%;\"><div class=\"fusion-separator-border sep-single sep-solid\" style=\"--awb-height:20px;--awb-amount:20px;--awb-sep-color:#006b65;border-color:#006b65;border-top-width:1px;\"><\/div><\/div><\/div><\/div><\/div><\/div><div class=\"fusion-fullwidth fullwidth-box fusion-builder-row-2 fusion-flex-container nonhundred-percent-fullwidth non-hundred-percent-height-scrolling\" style=\"--awb-border-radius-top-left:0px;--awb-border-radius-top-right:0px;--awb-border-radius-bottom-right:0px;--awb-border-radius-bottom-left:0px;--awb-flex-wrap:wrap;\" ><div class=\"fusion-builder-row fusion-row fusion-flex-align-items-flex-start fusion-flex-justify-content-center fusion-flex-content-wrap\" style=\"max-width:1365px;margin-left: calc(-5% \/ 2 );margin-right: calc(-5% \/ 2 );\"><div class=\"fusion-layout-column fusion_builder_column fusion-builder-column-1 fusion_builder_column_2_3 2_3 fusion-flex-column\" style=\"--awb-padding-right:40px;--awb-bg-size:cover;--awb-width-large:66.666666666667%;--awb-margin-top-large:0px;--awb-spacing-right-large:3.5625%;--awb-margin-bottom-large:20px;--awb-spacing-left-large:3.5625%;--awb-width-medium:66.666666666667%;--awb-order-medium:0;--awb-spacing-right-medium:3.5625%;--awb-spacing-left-medium:3.5625%;--awb-width-small:100%;--awb-order-small:0;--awb-spacing-right-small:2.375%;--awb-spacing-left-small:2.375%;\"><div class=\"fusion-column-wrapper fusion-column-has-shadow fusion-flex-justify-content-flex-start fusion-content-layout-column\"><div class=\"fusion-title title fusion-title-2 fusion-sep-none fusion-title-text fusion-title-size-three\" style=\"--awb-text-color:#006b65;--awb-margin-top:40px;--awb-margin-bottom:40px;--awb-margin-top-small:10px;--awb-margin-right-small:0px;--awb-margin-bottom-small:10px;--awb-margin-left-small:0px;\"><h3 class=\"fusion-title-heading title-heading-left fusion-responsive-typography-calculated\" style=\"margin:0;--fontSize:30;line-height:1.3;\">Banka havalesi ile veya ayakta sipari\u015f<\/h3><\/div><div class=\"fusion-text fusion-text-1\"><p><strong>Hesap Sahibi<\/strong><br \/>\n<strong><span style=\"color: #006b65;\">MUSE e.V.<\/span> <\/strong>Muslimische Seelsorge<br \/>\n<strong>A\u00e7\u0131klama<br \/>\n<\/strong><strong><span style=\"color: #006b65;\">MUSE e.V.<\/span><\/strong>&#8216;ye ba\u011f\u0131\u015f<\/p>\n<div style=\"display: inline-block; width: 30%;\"><strong>IBAN<\/strong><\/div>\n<div style=\"display: inline-block; width: 65%;\">DE76370205000008640300<\/div>\n<div style=\"display: inline-block; width: 30%;\"><strong>BIC<\/strong><\/div>\n<div style=\"display: inline-block; width: 65%;\">BFSWDE33XXX<\/div>\n<div style=\"display: inline-block; width: 30%;\"><strong>Banka Ad\u0131<\/strong><\/div>\n<div style=\"display: inline-block; width: 65%;\">SozialBank<\/div>\n<div style=\"margin-top: 20px;\">Ba\u011f\u0131\u015f dekontunuzu istiyorsan\u0131z l\u00fctfen bizimle ileti\u015fime ge\u00e7in.<\/div>\n<\/div><\/div><\/div><\/div><\/div><div class=\"fusion-fullwidth fullwidth-box fusion-builder-row-3 fusion-flex-container nonhundred-percent-fullwidth non-hundred-percent-height-scrolling\" style=\"--awb-border-radius-top-left:0px;--awb-border-radius-top-right:0px;--awb-border-radius-bottom-right:0px;--awb-border-radius-bottom-left:0px;--awb-margin-top:-60px;--awb-margin-top-small:-70px;--awb-flex-wrap:wrap;\" ><div class=\"fusion-builder-row fusion-row fusion-flex-align-items-flex-start fusion-flex-content-wrap\" style=\"max-width:1365px;margin-left: calc(-5% \/ 2 );margin-right: calc(-5% \/ 2 );\"><div class=\"fusion-layout-column fusion_builder_column fusion-builder-column-2 fusion_builder_column_1_1 1_1 fusion-flex-column\" style=\"--awb-bg-size:cover;--awb-width-large:100%;--awb-margin-top-large:0px;--awb-spacing-right-large:2.375%;--awb-margin-bottom-large:20px;--awb-spacing-left-large:2.375%;--awb-width-medium:100%;--awb-order-medium:0;--awb-spacing-right-medium:2.375%;--awb-spacing-left-medium:2.375%;--awb-width-small:100%;--awb-order-small:0;--awb-spacing-right-small:2.375%;--awb-spacing-left-small:2.375%;\"><div class=\"fusion-column-wrapper fusion-column-has-shadow fusion-flex-justify-content-flex-start fusion-content-layout-column\"><div class=\"fusion-sharing-box fusion-sharing-box-1 has-taglines layout-floated layout-medium-floated layout-small-stacked\" style=\"background-color:#ffffff;border-color:#cccccc;--awb-separator-border-color:#cccccc;--awb-separator-border-sizes:0px;--awb-layout:row;--awb-alignment-small:space-between;--awb-stacked-align-small:center;\" data-title=\"MUSE e.V.: Ba\u011f\u0131\u015f - Manevi Destek ve Rehberlik Wiesbaden\" data-description=\"MUSE\u2018nin yapaca\u011f\u0131 de\u011ferli \u00e7al\u0131\u015fmalar\u0131, ba\u011f\u0131\u015flar\u0131n\u0131zla destekleyin.\r\n\r\nG\u00f6n\u00fclden Te\u015fekk\u00fcrler!   \r\n\r\nBanka havalesi ile veya ayakta sipari\u015f Hesap Sahibi\r\nMUSE e.V. Muslimische Seelsorge\r\nA\u00e7\u0131klama\r\nMUSE e.V.&#039;ye ba\u011f\u0131\u015f\r\nIBAN\r\nDE76370205000008640300\r\nBIC\r\nBFSWDE33XXX\r\nBanka Ad\u0131\r\nSozialBank\r\nBa\u011f\u0131\u015f\" data-link=\"https:\/\/muse-wiesbaden.de\/tk\/muslimische-seelsorge-wiesbaden-ihre-spende-fuer-muse\/\"><h4 class=\"tagline\" style=\"color:#006b65;\">Sosyal medya hesaplar\u0131n\u0131zda payla\u015ft\u0131\u011f\u0131n\u0131z i\u00e7in te\u015fekk\u00fcrler!<\/h4><div class=\"fusion-social-networks sharingbox-shortcode-icon-wrapper sharingbox-shortcode-icon-wrapper-1\"><span><a href=\"https:\/\/www.facebook.com\/sharer.php?u=https%3A%2F%2Fmuse-wiesbaden.de%2Ftk%2Fmuslimische-seelsorge-wiesbaden-ihre-spende-fuer-muse%2F&amp;t=MUSE%20e.V.%3A%20Ba%C4%9F%C4%B1%C5%9F%20-%20Manevi%20Destek%20ve%20Rehberlik%20Wiesbaden\" target=\"_blank\" rel=\"noreferrer\" title=\"Facebook\" aria-label=\"Facebook\" data-placement=\"top\" data-toggle=\"tooltip\" data-title=\"Facebook\"><i class=\"fusion-social-network-icon fusion-tooltip fusion-facebook awb-icon-facebook\" style=\"color:#006b65;\" aria-hidden=\"true\"><\/i><\/a><\/span><span><a href=\"https:\/\/x.com\/intent\/post?text=MUSE%20e.V.%3A%20Ba%C4%9F%C4%B1%C5%9F%20-%20Manevi%20Destek%20ve%20Rehberlik%20Wiesbaden&amp;url=https%3A%2F%2Fmuse-wiesbaden.de%2Ftk%2Fmuslimische-seelsorge-wiesbaden-ihre-spende-fuer-muse%2F\" target=\"_blank\" rel=\"noopener noreferrer\" title=\"X\" aria-label=\"X\" data-placement=\"top\" data-toggle=\"tooltip\" data-title=\"X\"><i class=\"fusion-social-network-icon fusion-tooltip fusion-twitter awb-icon-twitter\" style=\"color:#006b65;\" aria-hidden=\"true\"><\/i><\/a><\/span><span><a href=\"https:\/\/www.linkedin.com\/shareArticle?mini=true&amp;url=https%3A%2F%2Fmuse-wiesbaden.de%2Ftk%2Fmuslimische-seelsorge-wiesbaden-ihre-spende-fuer-muse%2F&amp;title=MUSE%20e.V.%3A%20Ba%C4%9F%C4%B1%C5%9F%20-%20Manevi%20Destek%20ve%20Rehberlik%20Wiesbaden&amp;summary=MUSE%E2%80%98nin%20yapaca%C4%9F%C4%B1%20de%C4%9Ferli%20%C3%A7al%C4%B1%C5%9Fmalar%C4%B1%2C%20ba%C4%9F%C4%B1%C5%9Flar%C4%B1n%C4%B1zla%20destekleyin.%0D%0A%0D%0AG%C3%B6n%C3%BClden%20Te%C5%9Fekk%C3%BCrler%21%20%20%20%20%20%0D%0A%0D%0ABanka%20havalesi%20ile%20veya%20ayakta%20sipari%C5%9F%20Hesap%20Sahibi%0D%0AMUSE%20e.V.%20Muslimische%20Seelsorge%0D%0AA%C3%A7%C4%B1klama%0D%0AMUSE%20e.V.%26%2339%3Bye%20ba%C4%9F%C4%B1%C5%9F%0D%0AIBAN%0D%0ADE76370205000008640300%0D%0ABIC%0D%0ABFSWDE33XXX%0D%0ABanka%20Ad%C4%B1%0D%0ASozialBank%0D%0ABa%C4%9F%C4%B1%C5%9F\" target=\"_blank\" rel=\"noopener noreferrer\" title=\"LinkedIn\" aria-label=\"LinkedIn\" data-placement=\"top\" data-toggle=\"tooltip\" data-title=\"LinkedIn\"><i class=\"fusion-social-network-icon fusion-tooltip fusion-linkedin awb-icon-linkedin\" style=\"color:#006b65;\" aria-hidden=\"true\"><\/i><\/a><\/span><span><a href=\"https:\/\/api.whatsapp.com\/send?text=https%3A%2F%2Fmuse-wiesbaden.de%2Ftk%2Fmuslimische-seelsorge-wiesbaden-ihre-spende-fuer-muse%2F\" target=\"_blank\" rel=\"noopener noreferrer\" title=\"WhatsApp\" aria-label=\"WhatsApp\" data-placement=\"top\" data-toggle=\"tooltip\" data-title=\"WhatsApp\"><i class=\"fusion-social-network-icon fusion-tooltip fusion-whatsapp awb-icon-whatsapp\" style=\"color:#006b65;\" aria-hidden=\"true\"><\/i><\/a><\/span><span><a href=\"https:\/\/www.xing.com\/social_plugins\/share\/new?sc_p=xing-share&amp;h=1&amp;url=https%3A%2F%2Fmuse-wiesbaden.de%2Ftk%2Fmuslimische-seelsorge-wiesbaden-ihre-spende-fuer-muse%2F\" target=\"_blank\" rel=\"noopener noreferrer\" title=\"Xing\" aria-label=\"Xing\" data-placement=\"top\" data-toggle=\"tooltip\" data-title=\"Xing\"><i class=\"fusion-social-network-icon fusion-tooltip fusion-xing awb-icon-xing\" style=\"color:#006b65;\" aria-hidden=\"true\"><\/i><\/a><\/span><span><a href=\"mailto:?subject=MUSE%20e.V.%3A%20Ba%C4%9F%C4%B1%C5%9F%20-%20Manevi%20Destek%20ve%20Rehberlik%20Wiesbaden&amp;body=https%3A%2F%2Fmuse-wiesbaden.de%2Ftk%2Fmuslimische-seelsorge-wiesbaden-ihre-spende-fuer-muse%2F\" target=\"_self\" title=\"Email\" aria-label=\"Email\" data-placement=\"top\" data-toggle=\"tooltip\" data-title=\"Email\"><i class=\"fusion-social-network-icon fusion-tooltip fusion-mail awb-icon-mail\" style=\"color:#006b65;\" aria-hidden=\"true\"><\/i><\/a><\/span><\/div><\/div><\/div><\/div><\/div><\/div><\/p>\n","protected":false},"excerpt":{"rendered":"","protected":false},"author":1,"featured_media":0,"parent":0,"menu_order":0,"comment_status":"closed","ping_status":"closed","template":"100-width.php","meta":{"footnotes":""},"class_list":["post-3457","page","type-page","status-publish","hentry"],"yoast_head":"<!-- This site is optimized with the Yoast SEO plugin v27.2 - https:\/\/yoast.com\/product\/yoast-seo-wordpress\/ -->\n<title>MUSE e.V.: Ba\u011f\u0131\u015f - Manevi Destek ve Rehberlik Wiesbaden<\/title>\n<meta name=\"robots\" content=\"index, follow, max-snippet:-1, max-image-preview:large, max-video-preview:-1\" \/>\n<link rel=\"canonical\" href=\"https:\/\/muse-wiesbaden.de\/tk\/muslimische-seelsorge-wiesbaden-ihre-spende-fuer-muse\/\" \/>\n<meta property=\"og:locale\" content=\"tr_TR\" \/>\n<meta property=\"og:type\" content=\"article\" \/>\n<meta property=\"og:title\" content=\"MUSE e.V.: Ba\u011f\u0131\u015f - Manevi Destek ve Rehberlik Wiesbaden\" \/>\n<meta property=\"og:url\" content=\"https:\/\/muse-wiesbaden.de\/tk\/muslimische-seelsorge-wiesbaden-ihre-spende-fuer-muse\/\" \/>\n<meta property=\"og:site_name\" content=\"Muslimische Seelsorge Wiesbaden tk\" \/>\n<meta property=\"article:publisher\" content=\"https:\/\/www.facebook.com\/MUSE.Wiesbaden\" \/>\n<meta property=\"article:modified_time\" content=\"2024-11-28T16:28:01+00:00\" \/>\n<meta property=\"og:image\" content=\"https:\/\/muse-wiesbaden.de\/tk\/wp-content\/uploads\/sites\/10\/2021\/09\/logo_muse_facebook_200.png\" \/>\n\t<meta property=\"og:image:width\" content=\"200\" \/>\n\t<meta property=\"og:image:height\" content=\"200\" \/>\n\t<meta property=\"og:image:type\" content=\"image\/png\" \/>\n<meta name=\"twitter:card\" content=\"summary_large_image\" \/>\n<meta name=\"twitter:title\" content=\"MUSE e.V.: Ba\u011f\u0131\u015f - Manevi Destek ve Rehberlik Wiesbaden\" \/>\n<meta name=\"twitter:image\" content=\"https:\/\/muse-wiesbaden.de\/tk\/wp-content\/uploads\/sites\/10\/2021\/09\/logo_muse_facebook_200.png\" \/>\n<meta name=\"twitter:label1\" content=\"Tahmini okuma s\u00fcresi\" \/>\n\t<meta name=\"twitter:data1\" content=\"1 dakika\" \/>\n<script type=\"application\/ld+json\" class=\"yoast-schema-graph\">{\"@context\":\"https:\/\/schema.org\",\"@graph\":[{\"@type\":\"WebPage\",\"@id\":\"https:\/\/muse-wiesbaden.de\/tk\/muslimische-seelsorge-wiesbaden-ihre-spende-fuer-muse\/\",\"url\":\"https:\/\/muse-wiesbaden.de\/tk\/muslimische-seelsorge-wiesbaden-ihre-spende-fuer-muse\/\",\"name\":\"MUSE e.V.: Ba\u011f\u0131\u015f - Manevi Destek ve Rehberlik Wiesbaden\",\"isPartOf\":{\"@id\":\"https:\/\/muse-wiesbaden.de\/tk\/#website\"},\"datePublished\":\"2021-05-26T16:35:51+00:00\",\"dateModified\":\"2024-11-28T16:28:01+00:00\",\"breadcrumb\":{\"@id\":\"https:\/\/muse-wiesbaden.de\/tk\/muslimische-seelsorge-wiesbaden-ihre-spende-fuer-muse\/#breadcrumb\"},\"inLanguage\":\"tr\",\"potentialAction\":[{\"@type\":\"ReadAction\",\"target\":[\"https:\/\/muse-wiesbaden.de\/tk\/muslimische-seelsorge-wiesbaden-ihre-spende-fuer-muse\/\"]}]},{\"@type\":\"BreadcrumbList\",\"@id\":\"https:\/\/muse-wiesbaden.de\/tk\/muslimische-seelsorge-wiesbaden-ihre-spende-fuer-muse\/#breadcrumb\",\"itemListElement\":[{\"@type\":\"ListItem\",\"position\":1,\"name\":\"Startseite\",\"item\":\"https:\/\/muse-wiesbaden.de\/tk\/\"},{\"@type\":\"ListItem\",\"position\":2,\"name\":\"Muslimische Seelsorge Wiesbaden &#8211; Ihre Spende f\u00fcr MUSE\"}]},{\"@type\":\"WebSite\",\"@id\":\"https:\/\/muse-wiesbaden.de\/tk\/#website\",\"url\":\"https:\/\/muse-wiesbaden.de\/tk\/\",\"name\":\"Muslimische Seelsorge Wiesbaden tk\",\"description\":\"\",\"potentialAction\":[{\"@type\":\"SearchAction\",\"target\":{\"@type\":\"EntryPoint\",\"urlTemplate\":\"https:\/\/muse-wiesbaden.de\/tk\/?s={search_term_string}\"},\"query-input\":{\"@type\":\"PropertyValueSpecification\",\"valueRequired\":true,\"valueName\":\"search_term_string\"}}],\"inLanguage\":\"tr\"}]}<\/script>\n<!-- \/ Yoast SEO plugin. -->","yoast_head_json":{"title":"MUSE e.V.: Ba\u011f\u0131\u015f - Manevi Destek ve Rehberlik Wiesbaden","robots":{"index":"index","follow":"follow","max-snippet":"max-snippet:-1","max-image-preview":"max-image-preview:large","max-video-preview":"max-video-preview:-1"},"canonical":"https:\/\/muse-wiesbaden.de\/tk\/muslimische-seelsorge-wiesbaden-ihre-spende-fuer-muse\/","og_locale":"tr_TR","og_type":"article","og_title":"MUSE e.V.: Ba\u011f\u0131\u015f - Manevi Destek ve Rehberlik Wiesbaden","og_url":"https:\/\/muse-wiesbaden.de\/tk\/muslimische-seelsorge-wiesbaden-ihre-spende-fuer-muse\/","og_site_name":"Muslimische Seelsorge Wiesbaden tk","article_publisher":"https:\/\/www.facebook.com\/MUSE.Wiesbaden","article_modified_time":"2024-11-28T16:28:01+00:00","og_image":[{"width":200,"height":200,"url":"https:\/\/muse-wiesbaden.de\/tk\/wp-content\/uploads\/sites\/10\/2021\/09\/logo_muse_facebook_200.png","type":"image\/png"}],"twitter_card":"summary_large_image","twitter_title":"MUSE e.V.: Ba\u011f\u0131\u015f - Manevi Destek ve Rehberlik Wiesbaden","twitter_image":"https:\/\/muse-wiesbaden.de\/tk\/wp-content\/uploads\/sites\/10\/2021\/09\/logo_muse_facebook_200.png","twitter_misc":{"Tahmini okuma s\u00fcresi":"1 dakika"},"schema":{"@context":"https:\/\/schema.org","@graph":[{"@type":"WebPage","@id":"https:\/\/muse-wiesbaden.de\/tk\/muslimische-seelsorge-wiesbaden-ihre-spende-fuer-muse\/","url":"https:\/\/muse-wiesbaden.de\/tk\/muslimische-seelsorge-wiesbaden-ihre-spende-fuer-muse\/","name":"MUSE e.V.: Ba\u011f\u0131\u015f - Manevi Destek ve Rehberlik Wiesbaden","isPartOf":{"@id":"https:\/\/muse-wiesbaden.de\/tk\/#website"},"datePublished":"2021-05-26T16:35:51+00:00","dateModified":"2024-11-28T16:28:01+00:00","breadcrumb":{"@id":"https:\/\/muse-wiesbaden.de\/tk\/muslimische-seelsorge-wiesbaden-ihre-spende-fuer-muse\/#breadcrumb"},"inLanguage":"tr","potentialAction":[{"@type":"ReadAction","target":["https:\/\/muse-wiesbaden.de\/tk\/muslimische-seelsorge-wiesbaden-ihre-spende-fuer-muse\/"]}]},{"@type":"BreadcrumbList","@id":"https:\/\/muse-wiesbaden.de\/tk\/muslimische-seelsorge-wiesbaden-ihre-spende-fuer-muse\/#breadcrumb","itemListElement":[{"@type":"ListItem","position":1,"name":"Startseite","item":"https:\/\/muse-wiesbaden.de\/tk\/"},{"@type":"ListItem","position":2,"name":"Muslimische Seelsorge Wiesbaden &#8211; Ihre Spende f\u00fcr MUSE"}]},{"@type":"WebSite","@id":"https:\/\/muse-wiesbaden.de\/tk\/#website","url":"https:\/\/muse-wiesbaden.de\/tk\/","name":"Muslimische Seelsorge Wiesbaden tk","description":"","potentialAction":[{"@type":"SearchAction","target":{"@type":"EntryPoint","urlTemplate":"https:\/\/muse-wiesbaden.de\/tk\/?s={search_term_string}"},"query-input":{"@type":"PropertyValueSpecification","valueRequired":true,"valueName":"search_term_string"}}],"inLanguage":"tr"}]}},"_links":{"self":[{"href":"https:\/\/muse-wiesbaden.de\/tk\/wp-json\/wp\/v2\/pages\/3457","targetHints":{"allow":["GET"]}}],"collection":[{"href":"https:\/\/muse-wiesbaden.de\/tk\/wp-json\/wp\/v2\/pages"}],"about":[{"href":"https:\/\/muse-wiesbaden.de\/tk\/wp-json\/wp\/v2\/types\/page"}],"author":[{"embeddable":true,"href":"https:\/\/muse-wiesbaden.de\/tk\/wp-json\/wp\/v2\/users\/1"}],"replies":[{"embeddable":true,"href":"https:\/\/muse-wiesbaden.de\/tk\/wp-json\/wp\/v2\/comments?post=3457"}],"version-history":[{"count":1,"href":"https:\/\/muse-wiesbaden.de\/tk\/wp-json\/wp\/v2\/pages\/3457\/revisions"}],"predecessor-version":[{"id":9172,"href":"https:\/\/muse-wiesbaden.de\/tk\/wp-json\/wp\/v2\/pages\/3457\/revisions\/9172"}],"wp:attachment":[{"href":"https:\/\/muse-wiesbaden.de\/tk\/wp-json\/wp\/v2\/media?parent=3457"}],"curies":[{"name":"wp","href":"https:\/\/api.w.org\/{rel}","templated":true}]}}